{"id":1248,"date":"2019-07-02T07:23:48","date_gmt":"2019-07-02T12:23:48","guid":{"rendered":"http:\/\/simorelos.com\/publicidadenmorelos\/?page_id=1248"},"modified":"2025-05-20T15:35:07","modified_gmt":"2025-05-20T21:35:07","slug":"credenciales-pvc","status":"publish","type":"page","link":"https:\/\/simorelos.com\/publicidadenmorelos\/credenciales-pvc\/","title":{"rendered":"Credenciales PVC"},"content":{"rendered":"<p>Credenciales y gafetes en pl\u00e1stico pvc blanco, color frente y vuelta y transparente, color al frente.<\/p>\n<p>Contamos con el equipo de fotograf\u00eda e iluminaci\u00f3n para la toma de las mismas (costo adicional) o si lo prefiere, env\u00edenos sus archivos y nosotros lo maquilamos.<\/p>\n<div class=\"row\"> <div class=\"col-md-6\">\n<p><a href=\"https:\/\/simorelos.com\/publicidadenmorelos\/wp-content\/uploads\/2019\/07\/muestra-de-credenciales-reduc.jpg\"><img loading=\"lazy\" decoding=\"async\" class=\"wp-image-1250 aligncenter\" src=\"https:\/\/simorelos.com\/publicidadenmorelos\/wp-content\/uploads\/2019\/07\/muestra-de-credenciales-reduc.jpg\" alt=\"\" width=\"402\" height=\"268\" srcset=\"https:\/\/simorelos.com\/publicidadenmorelos\/wp-content\/uploads\/2019\/07\/muestra-de-credenciales-reduc.jpg 640w, https:\/\/simorelos.com\/publicidadenmorelos\/wp-content\/uploads\/2019\/07\/muestra-de-credenciales-reduc-300x200.jpg 300w, https:\/\/simorelos.com\/publicidadenmorelos\/wp-content\/uploads\/2019\/07\/muestra-de-credenciales-reduc-510x340.jpg 510w\" sizes=\"auto, (max-width: 402px) 100vw, 402px\" \/><\/a><\/p>\n<\/div><div class=\"col-md-6\">\n<h5>Credenciales:<\/h5>\n<p>De 1 a 5 piezas. $200.- (mismo d\u00eda)<br \/>De 6 a 20 piezas. $40.- c\/u (mismo d\u00eda)<br \/>De 21 en adelante $35.- c\/u (d\u00eda siguiente)<br \/>Pedido m\u00ednimo 5 piezas.<\/p>\n<\/div><\/div> <div class=\"row\"> <div class=\"col-md-6\">\n<p><a href=\"https:\/\/simorelos.com\/publicidadenmorelos\/wp-content\/uploads\/2019\/07\/gafete-reduc.jpg\"><img loading=\"lazy\" decoding=\"async\" class=\"wp-image-1251 aligncenter\" src=\"https:\/\/simorelos.com\/publicidadenmorelos\/wp-content\/uploads\/2019\/07\/gafete-reduc.jpg\" alt=\"\" width=\"344\" height=\"221\" srcset=\"https:\/\/simorelos.com\/publicidadenmorelos\/wp-content\/uploads\/2019\/07\/gafete-reduc.jpg 640w, https:\/\/simorelos.com\/publicidadenmorelos\/wp-content\/uploads\/2019\/07\/gafete-reduc-300x193.jpg 300w, https:\/\/simorelos.com\/publicidadenmorelos\/wp-content\/uploads\/2019\/07\/gafete-reduc-510x328.jpg 510w\" sizes=\"auto, (max-width: 344px) 100vw, 344px\" \/><\/a><\/p>\n<\/div><div class=\"col-md-6\">\n<h5>Gafetes:<\/h5>\n<p>De 1 a 5 piezas. $225.-\u00a0 (mismo d\u00eda)<br \/>De 6 a 20 piezas $45.- c\/u (mismo d\u00eda)<br \/>De 21 en adelante $40.- c\/u (d\u00eda siguiente)<br \/>Pedido m\u00ednimo 5 piezas.<\/p>\n<\/div><\/div>\n<p><strong>Procedimiento:<br \/><\/strong><strong>Env\u00ede sus archivos a info@simorelos.com<\/strong>, con las siguientes caracter\u00edsticas:<br \/>Formato de imagen JPG | PNG<br \/>Formato de color CMYK<br \/>Resoluci\u00f3n 300 dpi.<br \/>Medidas 8.9 x 5.7 cms (fondo)<br \/>Margen perimetral de 4 mm en textos e im\u00e1genes para evitar cortes no deseados.<\/p>\n<p><a href=\"https:\/\/simorelos.com\/publicidadenmorelos\/wp-content\/uploads\/2022\/09\/formato.jpg\"><img loading=\"lazy\" decoding=\"async\" class=\"alignleft  wp-image-1658\" src=\"https:\/\/simorelos.com\/publicidadenmorelos\/wp-content\/uploads\/2022\/09\/formato.jpg\" alt=\"\" width=\"464\" height=\"302\" srcset=\"https:\/\/simorelos.com\/publicidadenmorelos\/wp-content\/uploads\/2022\/09\/formato.jpg 755w, https:\/\/simorelos.com\/publicidadenmorelos\/wp-content\/uploads\/2022\/09\/formato-300x195.jpg 300w\" sizes=\"auto, (max-width: 464px) 100vw, 464px\" \/><\/a><\/p>\n<a href=\"https:\/\/api.whatsapp.com\/send?phone=5217777871105&#038;text=Hola,%20quiero%20informes%20sobre%20credenciales\" class=\"btn button btn-shortcode kad-btn kad-btn-primary\" id=\"kadbtn543\" target=\"_self\" style=\"background-color:#FFA500;color:#FFF;\">Solicitar m\u00e1s informes<\/a>\n<p>\u00a0<\/p>\n\n\n<p><\/p>\n","protected":false},"excerpt":{"rendered":"<p>Credenciales y gafetes en pl\u00e1stico pvc blanco, color frente y vuelta y transparente, color al frente. Contamos con el equipo de fotograf\u00eda e iluminaci\u00f3n para la toma de las mismas (costo adicional) o si lo prefiere, env\u00edenos sus archivos y &hellip; <a href=\"https:\/\/simorelos.com\/publicidadenmorelos\/credenciales-pvc\/\">Leer m\u00e1s<\/a><\/p>\n","protected":false},"author":1,"featured_media":0,"parent":0,"menu_order":0,"comment_status":"closed","ping_status":"closed","template":"","meta":{"kt_blocks_editor_width":"","footnotes":""},"class_list":["post-1248","page","type-page","status-publish","hentry"],"aioseo_notices":[],"_links":{"self":[{"href":"https:\/\/simorelos.com\/publicidadenmorelos\/wp-json\/wp\/v2\/pages\/1248","targetHints":{"allow":["GET"]}}],"collection":[{"href":"https:\/\/simorelos.com\/publicidadenmorelos\/wp-json\/wp\/v2\/pages"}],"about":[{"href":"https:\/\/simorelos.com\/publicidadenmorelos\/wp-json\/wp\/v2\/types\/page"}],"author":[{"embeddable":true,"href":"https:\/\/simorelos.com\/publicidadenmorelos\/wp-json\/wp\/v2\/users\/1"}],"replies":[{"embeddable":true,"href":"https:\/\/simorelos.com\/publicidadenmorelos\/wp-json\/wp\/v2\/comments?post=1248"}],"version-history":[{"count":27,"href":"https:\/\/simorelos.com\/publicidadenmorelos\/wp-json\/wp\/v2\/pages\/1248\/revisions"}],"predecessor-version":[{"id":1729,"href":"https:\/\/simorelos.com\/publicidadenmorelos\/wp-json\/wp\/v2\/pages\/1248\/revisions\/1729"}],"wp:attachment":[{"href":"https:\/\/simorelos.com\/publicidadenmorelos\/wp-json\/wp\/v2\/media?parent=1248"}],"curies":[{"name":"wp","href":"https:\/\/api.w.org\/{rel}","templated":true}]}}