{"id":141,"date":"2014-01-28T16:51:38","date_gmt":"2014-01-28T16:51:38","guid":{"rendered":"http:\/\/simorelos.com\/publicidadenmorelos\/?page_id=141"},"modified":"2022-09-27T12:22:48","modified_gmt":"2022-09-27T17:22:48","slug":"diseno-de-paginas-y-sitios-web","status":"publish","type":"page","link":"https:\/\/simorelos.com\/publicidadenmorelos\/diseno-de-paginas-y-sitios-web\/","title":{"rendered":"Dise\u00f1o de Paginas y sitios WEB"},"content":{"rendered":"<h2 style=\"text-align: justify;\"><strong>Dise\u00f1o WEB<\/strong><\/h2>\n<p style=\"text-align: justify;\">Nuestra filial,\u00a0<strong><a title=\"dise\u00f1o de paginas y sitios web en cuernavaca\" href=\"http:\/\/www.internetenserio.com\" target=\"_blank\" rel=\"noopener noreferrer\">www.internetenserio.com<\/a>,\u00a0<\/strong>pone a su disposici\u00f3n los m\u00e1s de 25 a\u00f1os de experiencia trabajando, en dise\u00f1o de p\u00e1ginas y soluciones web, para empresas que toman Internet en serio.(desde 1995)<\/p>\n<p style=\"text-align: justify;\">Si lo que necesita es informar, mostrar o vender sus productos, tenemos la soluci\u00f3n con sitios, informativos, \u00a0galer\u00edas fotogr\u00e1ficas o carritos de compra, para ayudarlo a que internet si funcione.<\/p>\n<p style=\"text-align: justify;\"><strong>Muestras de dise\u00f1o de p\u00e1ginas:<br \/>\nCarrito de compra<\/strong> adaptado para ropa <a href=\"https:\/\/izcalli.com\">Izcalli<\/a><br \/>\n<strong>Sitio informativo\u00a0<\/strong>para <a href=\"https:\/\/villaselparaiso.com\">hotel villas el paraiso<\/a><\/p>\n<p style=\"text-align: justify;\">Soluciones Integrales, le ofrece a trav\u00e9s de nuestra filial<a title=\"Dise\u00f1o de p\u00e1ginas y sitios web en Cuernavaca\" href=\"http:\/\/ internetenserio.com\" target=\"_blank\" rel=\"noopener noreferrer\"> internetenserio.com<\/a> el soporte en Redes Sociales as\u00ed como el dise\u00f1o de p\u00e1ginas y sitios web en Cuernavaca.<\/p>\n","protected":false},"excerpt":{"rendered":"<p>Dise\u00f1o WEB Nuestra filial,\u00a0www.internetenserio.com,\u00a0pone a su disposici\u00f3n los m\u00e1s de 25 a\u00f1os de experiencia trabajando, en dise\u00f1o de p\u00e1ginas y soluciones web, para empresas que toman Internet en serio.(desde 1995) Si lo que necesita es informar, mostrar o vender sus &hellip; <a href=\"https:\/\/simorelos.com\/publicidadenmorelos\/diseno-de-paginas-y-sitios-web\/\">Leer m\u00e1s<\/a><\/p>\n","protected":false},"author":1,"featured_media":0,"parent":0,"menu_order":0,"comment_status":"closed","ping_status":"closed","template":"","meta":{"kt_blocks_editor_width":"","footnotes":""},"class_list":["post-141","page","type-page","status-publish","hentry"],"aioseo_notices":[],"_links":{"self":[{"href":"https:\/\/simorelos.com\/publicidadenmorelos\/wp-json\/wp\/v2\/pages\/141","targetHints":{"allow":["GET"]}}],"collection":[{"href":"https:\/\/simorelos.com\/publicidadenmorelos\/wp-json\/wp\/v2\/pages"}],"about":[{"href":"https:\/\/simorelos.com\/publicidadenmorelos\/wp-json\/wp\/v2\/types\/page"}],"author":[{"embeddable":true,"href":"https:\/\/simorelos.com\/publicidadenmorelos\/wp-json\/wp\/v2\/users\/1"}],"replies":[{"embeddable":true,"href":"https:\/\/simorelos.com\/publicidadenmorelos\/wp-json\/wp\/v2\/comments?post=141"}],"version-history":[{"count":20,"href":"https:\/\/simorelos.com\/publicidadenmorelos\/wp-json\/wp\/v2\/pages\/141\/revisions"}],"predecessor-version":[{"id":1702,"href":"https:\/\/simorelos.com\/publicidadenmorelos\/wp-json\/wp\/v2\/pages\/141\/revisions\/1702"}],"wp:attachment":[{"href":"https:\/\/simorelos.com\/publicidadenmorelos\/wp-json\/wp\/v2\/media?parent=141"}],"curies":[{"name":"wp","href":"https:\/\/api.w.org\/{rel}","templated":true}]}}