{"id":434,"date":"2015-07-13T11:40:37","date_gmt":"2015-07-13T16:40:37","guid":{"rendered":"http:\/\/simorelos.com\/publicidadenmorelos\/?page_id=434"},"modified":"2022-09-27T11:49:16","modified_gmt":"2022-09-27T16:49:16","slug":"politica-de-privacidad","status":"publish","type":"page","link":"https:\/\/simorelos.com\/publicidadenmorelos\/politica-de-privacidad\/","title":{"rendered":"Pol\u00edtica de Privacidad"},"content":{"rendered":"<p><strong>De acuerdo a\u00a0la Ley<\/strong> Federal de Protecci\u00f3n de Datos Personales en Posesi\u00f3n de Particulares\u00a0le informamos, que\u00a0la informaci\u00f3n que proporcione ser\u00e1 utilizada para los siguientes fines: establecer comunicaci\u00f3n de dos v\u00edas para mantener contacto acerca de productos y servicios solicitados, es decir, se utilizar\u00e1 para dar cumplimiento a las obligaciones que hemos contra\u00eddo con usted. Para dichas finalidades,\u00a0requerimos\u00a0los siguientes datos personales: Nombre completo y Correo electr\u00f3nico.<\/p>\n<p><strong>IMPORTANTE:<\/strong> Tiene derecho al Acceso, Rectificaci\u00f3n y Cancelaci\u00f3n de sus datos personales, a oponerse al tratamiento de los mismos o a revocar el consentimiento que para dicho fin nos otorg\u00f3. Para ello, es necesario que env\u00ede la solicitud en los t\u00e9rminos que marca la Ley en su Art. 29 dirigida a simorelos.com, al tel\u00e9fono +52 777 787 11 05\u00a0 o v\u00eda e-mail a info@simorelos.com, el cual solicitamos confirme v\u00eda telef\u00f3nica para garantizar su correcta recepci\u00f3n; mismo caso si no desea recibir mensajes promocionales de nuestra parte. Gracias.<br \/>\n<em><a title=\"Contacto\" href=\"https:\/\/simorelos.com\/publicidadenmorelos\/contacto\/\">Continuar con el mensaje<\/a><\/em><\/p>\n","protected":false},"excerpt":{"rendered":"<p>De acuerdo a\u00a0la Ley Federal de Protecci\u00f3n de Datos Personales en Posesi\u00f3n de Particulares\u00a0le informamos, que\u00a0la informaci\u00f3n que proporcione ser\u00e1 utilizada para los siguientes fines: establecer comunicaci\u00f3n de dos v\u00edas para mantener contacto acerca de productos y servicios solicitados, es &hellip; <a href=\"https:\/\/simorelos.com\/publicidadenmorelos\/politica-de-privacidad\/\">Leer m\u00e1s<\/a><\/p>\n","protected":false},"author":1,"featured_media":0,"parent":0,"menu_order":0,"comment_status":"closed","ping_status":"closed","template":"","meta":{"kt_blocks_editor_width":"","footnotes":""},"class_list":["post-434","page","type-page","status-publish","hentry"],"aioseo_notices":[],"_links":{"self":[{"href":"https:\/\/simorelos.com\/publicidadenmorelos\/wp-json\/wp\/v2\/pages\/434","targetHints":{"allow":["GET"]}}],"collection":[{"href":"https:\/\/simorelos.com\/publicidadenmorelos\/wp-json\/wp\/v2\/pages"}],"about":[{"href":"https:\/\/simorelos.com\/publicidadenmorelos\/wp-json\/wp\/v2\/types\/page"}],"author":[{"embeddable":true,"href":"https:\/\/simorelos.com\/publicidadenmorelos\/wp-json\/wp\/v2\/users\/1"}],"replies":[{"embeddable":true,"href":"https:\/\/simorelos.com\/publicidadenmorelos\/wp-json\/wp\/v2\/comments?post=434"}],"version-history":[{"count":3,"href":"https:\/\/simorelos.com\/publicidadenmorelos\/wp-json\/wp\/v2\/pages\/434\/revisions"}],"predecessor-version":[{"id":1689,"href":"https:\/\/simorelos.com\/publicidadenmorelos\/wp-json\/wp\/v2\/pages\/434\/revisions\/1689"}],"wp:attachment":[{"href":"https:\/\/simorelos.com\/publicidadenmorelos\/wp-json\/wp\/v2\/media?parent=434"}],"curies":[{"name":"wp","href":"https:\/\/api.w.org\/{rel}","templated":true}]}}