{"id":687,"date":"2016-11-14T23:07:52","date_gmt":"2016-11-15T05:07:52","guid":{"rendered":"http:\/\/simorelos.com\/publicidadenmorelos\/?page_id=687"},"modified":"2022-09-27T09:58:09","modified_gmt":"2022-09-27T14:58:09","slug":"publicidad-en-morelos","status":"publish","type":"page","link":"https:\/\/simorelos.com\/publicidadenmorelos\/","title":{"rendered":"Publicidad en morelos"},"content":{"rendered":"<h2 style=\"text-align: center;\"><a href=\"https:\/\/simorelos.com\/publicidadenmorelos\/portfolio\/tarjetas-de-presentacion\/\">Tarjetas de presentaci\u00f3n<\/a> | <a href=\"https:\/\/simorelos.com\/publicidadenmorelos\/portfolio\/volantes\/\">Volantes<\/a> |\u00a0<a href=\"https:\/\/simorelos.com\/publicidadenmorelos\/credenciales-pvc\/\">Credenciales en PVC<\/a><br \/>|\u00a0<a href=\"https:\/\/simorelos.com\/publicidadenmorelos\/portfolio\/banners\/\">Banners y Roll up<\/a> | <a href=\"https:\/\/simorelos.com\/publicidadenmorelos\/portfolio\/tapetes-de-rizo-tipo-espaquetti\/\">Tapetes de rizo<\/a> |\u00a0<a href=\"https:\/\/simorelos.com\/publicidadenmorelos\/portfolio\/logotipos\/\">Logotipos<\/a>\u00a0|<br \/><a href=\"https:\/\/simorelos.com\/publicidadenmorelos\/marketing-digital-cuernavaca\/\">Marketing Digital<\/a> | <a href=\"https:\/\/simorelos.com\/publicidadenmorelos\/recorridos-virtuales\/\">Recorridos virtuales<\/a> | <a href=\"https:\/\/simorelos.com\/publicidadenmorelos\/fotografia\/\">Fotograf\u00eda<\/a> <br \/>| <a href=\"https:\/\/simorelos.com\/publicidadenmorelos\/video\/\">V\u00eddeo convencional y 360\u00b0<\/a> | <a href=\"https:\/\/simorelos.com\/publicidadenmorelos\/portfolio\/soluciones-en-internet\/\">P\u00e1ginas de internet con SEO<\/a> |<\/h2>\n<p><strong>M\u00e1s de 25 a\u00f1os de experiencia<\/strong> ofreciendo publicidad a peque\u00f1as y medianas empresas.<\/p>\n<p><strong>* 1996 &#8211; 2002, \u00a0 Canc\u00fan, Q. Roo.<\/strong> &#8211; Dise\u00f1o y desarrolllo de p\u00e1ginas de internet, publicidad digital v\u00eda correo electr\u00f3nico, directorio de servicios empresariales en l\u00ednea, directorio de servicios infantiles, publicidad en general, tarjetas de presentaci\u00f3n, volantes, p\u00e1ginas de internet, animaciones.<\/p>\n<p><strong>* 2002 &#8211; 2013, \u00a0Jojutla, Mor.<\/strong> &#8211; Publicidad en general, revista de anuncios clasificados \u00abEl Tiraje\u00bb, dise\u00f1o e impresi\u00f3n de revistas, programa de radio \u00abEl Tiraje Radio\u00bb, dise\u00f1o de identidad corporativa, spots de radio, art\u00edculos publicitarios, fotograf\u00eda comercial en cuernavaca, edici\u00f3n de audio y video.<\/p>\n<p><strong>* 2013 &#8211; a la fecha, Cuernavaca, Morelos<\/strong>. &#8211; Todo en publicidad Impresa, digital, manejo de redes sociales, dise\u00f1o y desarrollo web, fotograf\u00eda profesional, producci\u00f3n y edici\u00f3n de audio y video, servicio en Cuernavaca y alrededores.<\/p>\n<p style=\"text-align: center;\"><a href=\"https:\/\/simorelos.com\/publicidadenmorelos\/recorridos-virtuales\/\"><img loading=\"lazy\" decoding=\"async\" class=\"wp-image-1181 aligncenter\" src=\"https:\/\/simorelos.com\/publicidadenmorelos\/wp-content\/uploads\/2018\/12\/English-01.png\" alt=\"\" width=\"119\" height=\"140\" srcset=\"https:\/\/simorelos.com\/publicidadenmorelos\/wp-content\/uploads\/2018\/12\/English-01.png 933w, https:\/\/simorelos.com\/publicidadenmorelos\/wp-content\/uploads\/2018\/12\/English-01-254x300.png 254w, https:\/\/simorelos.com\/publicidadenmorelos\/wp-content\/uploads\/2018\/12\/English-01-768x906.png 768w, https:\/\/simorelos.com\/publicidadenmorelos\/wp-content\/uploads\/2018\/12\/English-01-868x1024.png 868w, https:\/\/simorelos.com\/publicidadenmorelos\/wp-content\/uploads\/2018\/12\/English-01-510x602.png 510w\" sizes=\"auto, (max-width: 119px) 100vw, 119px\" \/><\/a><span style=\"color: #ff6600;\"><b style=\"color: #ff6600;\">Recorridos virtuales, fotograf\u00eda y <\/b><span style=\"color: #ff6600;\"><b>v\u00eddeo<\/b><\/span><b style=\"color: #ff6600;\">\u00a0360\u00b0<\/b><\/span><\/p>\n<p><strong>Ofrecemos:<\/strong><\/p>\n<ul>\n<li>Comunicaci\u00f3n continua<\/li>\n<li>Respeto absoluto a su tiempo<\/li>\n<li>Trato personal, cordial y amable<\/li>\n<li>Excelente calidad de impresi\u00f3n<\/li>\n<li>Precios accesibles<\/li>\n<\/ul>\n\n\n<p><\/p>\n","protected":false},"excerpt":{"rendered":"<p>Tarjetas de presentaci\u00f3n | Volantes |\u00a0Credenciales en PVC|\u00a0Banners y Roll up | Tapetes de rizo |\u00a0Logotipos\u00a0|Marketing Digital | Recorridos virtuales | Fotograf\u00eda | V\u00eddeo convencional y 360\u00b0 | P\u00e1ginas de internet con SEO | M\u00e1s de 25 a\u00f1os de experiencia &hellip; <a href=\"https:\/\/simorelos.com\/publicidadenmorelos\/\">Leer m\u00e1s<\/a><\/p>\n","protected":false},"author":1,"featured_media":0,"parent":0,"menu_order":0,"comment_status":"closed","ping_status":"closed","template":"","meta":{"kt_blocks_editor_width":"","footnotes":""},"class_list":["post-687","page","type-page","status-publish","hentry"],"aioseo_notices":[],"_links":{"self":[{"href":"https:\/\/simorelos.com\/publicidadenmorelos\/wp-json\/wp\/v2\/pages\/687","targetHints":{"allow":["GET"]}}],"collection":[{"href":"https:\/\/simorelos.com\/publicidadenmorelos\/wp-json\/wp\/v2\/pages"}],"about":[{"href":"https:\/\/simorelos.com\/publicidadenmorelos\/wp-json\/wp\/v2\/types\/page"}],"author":[{"embeddable":true,"href":"https:\/\/simorelos.com\/publicidadenmorelos\/wp-json\/wp\/v2\/users\/1"}],"replies":[{"embeddable":true,"href":"https:\/\/simorelos.com\/publicidadenmorelos\/wp-json\/wp\/v2\/comments?post=687"}],"version-history":[{"count":49,"href":"https:\/\/simorelos.com\/publicidadenmorelos\/wp-json\/wp\/v2\/pages\/687\/revisions"}],"predecessor-version":[{"id":1685,"href":"https:\/\/simorelos.com\/publicidadenmorelos\/wp-json\/wp\/v2\/pages\/687\/revisions\/1685"}],"wp:attachment":[{"href":"https:\/\/simorelos.com\/publicidadenmorelos\/wp-json\/wp\/v2\/media?parent=687"}],"curies":[{"name":"wp","href":"https:\/\/api.w.org\/{rel}","templated":true}]}}